{"id":3280,"date":"2023-01-29T13:20:23","date_gmt":"2023-01-29T12:20:23","guid":{"rendered":"https:\/\/unitedfoam.com\/da\/datenschutzbestimmungen\/"},"modified":"2024-04-10T08:27:34","modified_gmt":"2024-04-10T06:27:34","slug":"datenschutzbestimmungen","status":"publish","type":"page","link":"https:\/\/nestaan.dk\/de\/datenschutzbestimmungen\/","title":{"rendered":"Datenschutzbestimmungen"},"content":{"rendered":"\t\t<div data-elementor-type=\"wp-page\" data-elementor-id=\"3280\" class=\"elementor elementor-3280 elementor-1207\" data-elementor-post-type=\"page\">\n\t\t\t\t\t\t<section class=\"elementor-section elementor-top-section elementor-element elementor-element-5fa75f83 elementor-section-boxed elementor-section-height-default elementor-section-height-default\" data-id=\"5fa75f83\" data-element_type=\"section\" data-e-type=\"section\" data-settings=\"{&quot;background_background&quot;:&quot;classic&quot;}\">\n\t\t\t\t\t\t\t<div class=\"elementor-background-overlay\"><\/div>\n\t\t\t\t\t\t\t<div class=\"elementor-container elementor-column-gap-default\">\n\t\t\t\t\t<div class=\"elementor-column elementor-col-50 elementor-top-column elementor-element elementor-element-d868517 elementor-invisible\" data-id=\"d868517\" data-element_type=\"column\" data-e-type=\"column\" data-settings=\"{&quot;animation&quot;:&quot;fadeInUp&quot;}\">\n\t\t\t<div class=\"elementor-widget-wrap elementor-element-populated\">\n\t\t\t\t\t\t<div class=\"elementor-element elementor-element-63b816 elementor-icon-list--layout-inline elementor-list-item-link-full_width elementor-widget elementor-widget-icon-list\" data-id=\"63b816\" data-element_type=\"widget\" data-e-type=\"widget\" data-widget_type=\"icon-list.default\">\n\t\t\t\t<div class=\"elementor-widget-container\">\n\t\t\t\t\t\t\t<ul class=\"elementor-icon-list-items elementor-inline-items\">\n\t\t\t\t\t\t\t<li class=\"elementor-icon-list-item elementor-inline-item\">\n\t\t\t\t\t\t\t\t\t\t<span class=\"elementor-icon-list-text\">Hauptseite<\/span>\n\t\t\t\t\t\t\t\t\t<\/li>\n\t\t\t\t\t\t\t\t<li class=\"elementor-icon-list-item elementor-inline-item\">\n\t\t\t\t\t\t\t\t\t\t\t<span class=\"elementor-icon-list-icon\">\n\t\t\t\t\t\t\t<i aria-hidden=\"true\" class=\"fas fa-grip-lines-vertical\"><\/i>\t\t\t\t\t\t<\/span>\n\t\t\t\t\t\t\t\t\t\t<span class=\"elementor-icon-list-text\">Datenschutzbestimmungen<\/span>\n\t\t\t\t\t\t\t\t\t<\/li>\n\t\t\t\t\t\t<\/ul>\n\t\t\t\t\t\t<\/div>\n\t\t\t\t<\/div>\n\t\t\t\t<div class=\"elementor-element elementor-element-70a0c886 elementor-widget elementor-widget-heading\" data-id=\"70a0c886\" data-element_type=\"widget\" data-e-type=\"widget\" data-widget_type=\"heading.default\">\n\t\t\t\t<div class=\"elementor-widget-container\">\n\t\t\t\t\t<h2 class=\"elementor-heading-title elementor-size-default\">Datenschutz bei Nestaan Nordic A\/S<\/h2>\t\t\t\t<\/div>\n\t\t\t\t<\/div>\n\t\t\t\t<div class=\"elementor-element elementor-element-6bc4c7eb elementor-widget elementor-widget-text-editor\" data-id=\"6bc4c7eb\" data-element_type=\"widget\" data-e-type=\"widget\" data-widget_type=\"text-editor.default\">\n\t\t\t\t<div class=\"elementor-widget-container\">\n\t\t\t\t\t\t\t\t\t<p>Wir erheben personenbezogene Daten nur in den F\u00e4llen, in denen sie f\u00fcr uns relevant sind, und wir erheben personenbezogene Daten nur, wenn sie f\u00fcr Ihre T\u00e4tigkeit bei Nestaan Nordic A\/S relevant sind.<\/p>\n<p>Bei der Erhebung, Verarbeitung und Nutzung Ihrer personenbezogenen Daten halten wir uns stets an die einschl\u00e4gigen gesetzlichen Bestimmungen.<\/p>\n<p>Wir werden Ihre personenbezogenen Daten nur so lange aufbewahren, wie wir entweder gesetzlich dazu verpflichtet sind oder so lange, wie sie f\u00fcr den Zweck, f\u00fcr den sie erhoben wurden, relevant sind.<\/p>\n\t\t\t\t\t\t\t\t<\/div>\n\t\t\t\t<\/div>\n\t\t\t\t<div class=\"elementor-element elementor-element-65e31ee8 elementor-widget elementor-widget-button\" data-id=\"65e31ee8\" data-element_type=\"widget\" data-e-type=\"widget\" data-widget_type=\"button.default\">\n\t\t\t\t<div class=\"elementor-widget-container\">\n\t\t\t\t\t\t\t\t\t<div class=\"elementor-button-wrapper\">\n\t\t\t\t\t<a class=\"elementor-button elementor-button-link elementor-size-md\" href=\"https:\/\/unitedfoam.com\/kontakt\/\" target=\"_blank\" rel=\"noopener\">\n\t\t\t\t\t\t<span class=\"elementor-button-content-wrapper\">\n\t\t\t\t\t\t\t\t\t<span class=\"elementor-button-text\">Kontakt<\/span>\n\t\t\t\t\t<\/span>\n\t\t\t\t\t<\/a>\n\t\t\t\t<\/div>\n\t\t\t\t\t\t\t\t<\/div>\n\t\t\t\t<\/div>\n\t\t\t\t\t<\/div>\n\t\t<\/div>\n\t\t\t\t<div class=\"elementor-column elementor-col-50 elementor-top-column elementor-element elementor-element-7168ef00\" data-id=\"7168ef00\" data-element_type=\"column\" data-e-type=\"column\">\n\t\t\t<div class=\"elementor-widget-wrap\">\n\t\t\t\t\t\t\t<\/div>\n\t\t<\/div>\n\t\t\t\t\t<\/div>\n\t\t<\/section>\n\t\t\t\t<section class=\"elementor-section elementor-top-section elementor-element elementor-element-9e5668a elementor-section-boxed elementor-section-height-default elementor-section-height-default\" data-id=\"9e5668a\" data-element_type=\"section\" data-e-type=\"section\">\n\t\t\t\t\t\t<div class=\"elementor-container elementor-column-gap-default\">\n\t\t\t\t\t<div class=\"elementor-column elementor-col-100 elementor-top-column elementor-element elementor-element-4a1735a7 elementor-invisible\" data-id=\"4a1735a7\" data-element_type=\"column\" data-e-type=\"column\" data-settings=\"{&quot;animation&quot;:&quot;fadeInLeft&quot;}\">\n\t\t\t<div class=\"elementor-widget-wrap elementor-element-populated\">\n\t\t\t\t\t\t<div class=\"elementor-element elementor-element-eeb5200 elementor-widget elementor-widget-text-editor\" data-id=\"eeb5200\" data-element_type=\"widget\" data-e-type=\"widget\" data-widget_type=\"text-editor.default\">\n\t\t\t\t<div class=\"elementor-widget-container\">\n\t\t\t\t\t\t\t\t\t<h6><strong>Informationen, die wir sammeln<\/strong><\/h6>\n<p>Wenn Sie ein Produkt oder eine Dienstleistung von uns erwerben und in Anspruch nehmen m\u00f6chten, m\u00fcssen wir bestimmte personenbezogene Daten erfassen, um die Transaktion durchf\u00fchren und Ihnen unsere Dienstleistungen anbieten zu k\u00f6nnen. Wir k\u00f6nnen Cookies verwenden, um den Inhalt Ihres Warenkorbs zu verfolgen, w\u00e4hrend Sie unseren Webshop nutzen.<\/p>\n<p>Wir k\u00f6nnen Informationen wie Name, E-Mail-Adresse, Postanschrift, Lieferanschrift (falls abweichend von der Postanschrift), Telefonnummer und Zahlungsinformationen erfassen.<\/p>\n<p>Nestaan Nordic sammelt und verarbeitet Ihre personenbezogenen Daten, wenn Sie Folgendes tun:<\/p>\n<p>&#8211; Besuchen Sie unsere Website<\/p>\n<p>&#8211; Senden Sie uns Fragen, Beschwerden oder Feedback<\/p>\n<h6><strong>Der f\u00fcr die Datenverarbeitung Verantwortliche<\/strong><\/h6>\n<p>Der f\u00fcr die Erhebung, Verarbeitung und Nutzung Ihrer personenbezogenen Daten auf www.nestaan.dk Verantwortliche ist Nestaan Nordic A\/S, Industriv\u00e6nget 11, 7400 Herning, cvr no. 63531316<\/p>\n<h6><strong>Grundlage und Zweck der Verarbeitung<\/strong><\/h6>\n<p>Wir erfassen Ihre allgemeinen Kontaktinformationen wie Name und Adresse, um das Produkt oder die Dienstleistung, die Sie bei uns gekauft haben, liefern zu k\u00f6nnen. Wir erfassen Ihre E-Mail-Adresse, um Ihnen eine Bestell- und Lieferbest\u00e4tigung zu schicken.<\/p>\n<p>Ihre Daten (mit Ausnahme Ihrer E-Mail-Adresse, wenn Sie in deren Verarbeitung zum Zwecke des Erhalts von Angeboten eingewilligt haben) werden 3 Jahre, nachdem Sie Ihr Produkt oder Ihre Dienstleistung erhalten haben, gel\u00f6scht.<\/p>\n<h6><strong>Andere Empf\u00e4nger von personenbezogenen Daten<\/strong><\/h6>\n<p>Wir verkaufen Ihre personenbezogenen Daten nicht an Dritte und geben sie nicht an Drittl\u00e4nder weiter.<\/p>\n<p>Unsere Website wird von DKPU.dk gehostet, das als unser Datenverarbeiter fungiert. Alle pers\u00f6nlichen Daten, die Sie auf unserer Website angeben, werden in den Datenzentren von DKPU.dk gespeichert.<\/p>\n<p>Wir nutzen externe Unternehmen als Zulieferer, um unsere Dienstleistungen bestm\u00f6glich zu erbringen. Diese externen Lieferanten sind Datenverarbeiter und verarbeiten in einigen F\u00e4llen personenbezogene Daten im Zusammenhang mit der Erbringung ihrer Dienstleistungen f\u00fcr uns. Unsere Datenverarbeiter verarbeiten personenbezogene Daten nur auf unsere Weisung und in \u00dcbereinstimmung mit den gesetzlichen Bestimmungen f\u00fcr Datenverarbeiter.<\/p>\n<p>Wir haben mit unseren Datenverarbeitern Vertr\u00e4ge \u00fcber die Datenverarbeitung abgeschlossen, die uns garantieren, dass sie die geltenden Vorschriften zum Schutz Ihrer personenbezogenen Daten einhalten.<\/p>\n<h6><strong>Ihre Rechte<\/strong><\/h6>\n<p>Als betroffene Person haben Sie eine Reihe von Rechten, deren Einhaltung wir jederzeit gew\u00e4hrleisten m\u00fcssen. Sie haben das Recht, Folgendes zu beantragen:<br \/>&#8211; Zugang und Berichtigung\/\u00c4nderung Ihrer pers\u00f6nlichen Daten<br \/>&#8211; L\u00f6schung personenbezogener Daten<\/p>\n<p>Dar\u00fcber hinaus haben Sie das Recht, der Verarbeitung Ihrer personenbezogenen Daten zu widersprechen, und Sie haben das Recht, eine Beschwerde bei einer Datenschutzbeh\u00f6rde einzureichen.<\/p>\n<p>Wenn Sie nicht mehr w\u00fcnschen, dass wir Ihre personenbezogenen Daten verarbeiten oder die Verarbeitung Ihrer personenbezogenen Daten einschr\u00e4nken, k\u00f6nnen Sie uns auch eine Anfrage an unsere E-Mail-Adresse info@nestaan.dk senden.<\/p>\n\t\t\t\t\t\t\t\t<\/div>\n\t\t\t\t<\/div>\n\t\t\t\t\t<\/div>\n\t\t<\/div>\n\t\t\t\t\t<\/div>\n\t\t<\/section>\n\t\t\t\t<section class=\"elementor-section elementor-top-section elementor-element elementor-element-eade165 elementor-section-boxed elementor-section-height-default elementor-section-height-default\" data-id=\"eade165\" data-element_type=\"section\" data-e-type=\"section\" data-settings=\"{&quot;background_background&quot;:&quot;classic&quot;}\">\n\t\t\t\t\t\t\t<div class=\"elementor-background-overlay\"><\/div>\n\t\t\t\t\t\t\t<div class=\"elementor-container elementor-column-gap-default\">\n\t\t\t\t\t<div class=\"elementor-column elementor-col-100 elementor-top-column elementor-element elementor-element-2eba4e1 elementor-invisible\" data-id=\"2eba4e1\" data-element_type=\"column\" data-e-type=\"column\" data-settings=\"{&quot;animation&quot;:&quot;zoomIn&quot;}\">\n\t\t\t<div class=\"elementor-widget-wrap elementor-element-populated\">\n\t\t\t\t\t\t<div class=\"elementor-element elementor-element-d4c1be2 elementor-widget elementor-widget-heading\" data-id=\"d4c1be2\" data-element_type=\"widget\" data-e-type=\"widget\" data-widget_type=\"heading.default\">\n\t\t\t\t<div class=\"elementor-widget-container\">\n\t\t\t\t\t<h6 class=\"elementor-heading-title elementor-size-default\">Haben Sie eine Frage<\/h6>\t\t\t\t<\/div>\n\t\t\t\t<\/div>\n\t\t\t\t<div class=\"elementor-element elementor-element-72106f1 elementor-widget elementor-widget-heading\" data-id=\"72106f1\" data-element_type=\"widget\" data-e-type=\"widget\" data-widget_type=\"heading.default\">\n\t\t\t\t<div class=\"elementor-widget-container\">\n\t\t\t\t\t<h2 class=\"elementor-heading-title elementor-size-default\">Kontaktieren Sie uns f\u00fcr ein unverbindliches Angebot<\/h2>\t\t\t\t<\/div>\n\t\t\t\t<\/div>\n\t\t\t\t<div class=\"elementor-element elementor-element-f566b8a elementor-widget elementor-widget-text-editor\" data-id=\"f566b8a\" data-element_type=\"widget\" data-e-type=\"widget\" data-widget_type=\"text-editor.default\">\n\t\t\t\t<div class=\"elementor-widget-container\">\n\t\t\t\t\t\t\t\t\t<p>Wir haben umfangreiche Erfahrungen mit der D\u00e4mmung mit PUR-Schaum. Nehmen Sie Kontakt mit uns auf, um mehr dar\u00fcber zu erfahren, wie wir Ihre D\u00e4mmungsaufgabe l\u00f6sen k\u00f6nnen, und fordern Sie ein unverbindliches Angebot an.<\/p>\n\t\t\t\t\t\t\t\t<\/div>\n\t\t\t\t<\/div>\n\t\t\t\t<section class=\"elementor-section elementor-inner-section elementor-element elementor-element-46e3d78 elementor-section-boxed elementor-section-height-default elementor-section-height-default\" data-id=\"46e3d78\" data-element_type=\"section\" data-e-type=\"section\">\n\t\t\t\t\t\t<div class=\"elementor-container elementor-column-gap-default\">\n\t\t\t\t\t<div class=\"elementor-column elementor-col-100 elementor-inner-column elementor-element elementor-element-f4f0088\" data-id=\"f4f0088\" data-element_type=\"column\" data-e-type=\"column\">\n\t\t\t<div class=\"elementor-widget-wrap elementor-element-populated\">\n\t\t\t\t\t\t<div class=\"elementor-element elementor-element-e418b4a elementor-widget__width-auto elementor-widget-tablet__width-inherit elementor-widget elementor-widget-button\" data-id=\"e418b4a\" data-element_type=\"widget\" data-e-type=\"widget\" data-widget_type=\"button.default\">\n\t\t\t\t<div class=\"elementor-widget-container\">\n\t\t\t\t\t\t\t\t\t<div class=\"elementor-button-wrapper\">\n\t\t\t\t\t<a class=\"elementor-button elementor-button-link elementor-size-md\" href=\"\" target=\"_blank\">\n\t\t\t\t\t\t<span class=\"elementor-button-content-wrapper\">\n\t\t\t\t\t\t<span class=\"elementor-button-icon\">\n\t\t\t\t<i aria-hidden=\"true\" class=\"material-icons md-call_made\"><\/i>\t\t\t<\/span>\n\t\t\t\t\t\t\t\t\t<span class=\"elementor-button-text\">+45 86 37 38 11<\/span>\n\t\t\t\t\t<\/span>\n\t\t\t\t\t<\/a>\n\t\t\t\t<\/div>\n\t\t\t\t\t\t\t\t<\/div>\n\t\t\t\t<\/div>\n\t\t\t\t<div class=\"elementor-element elementor-element-efabf5f elementor-widget__width-auto elementor-widget-tablet__width-inherit elementor-widget elementor-widget-button\" data-id=\"efabf5f\" data-element_type=\"widget\" data-e-type=\"widget\" data-widget_type=\"button.default\">\n\t\t\t\t<div class=\"elementor-widget-container\">\n\t\t\t\t\t\t\t\t\t<div class=\"elementor-button-wrapper\">\n\t\t\t\t\t<a class=\"elementor-button elementor-button-link elementor-size-md\" href=\"mailto:info@nestaan.dk\" target=\"_blank\">\n\t\t\t\t\t\t<span class=\"elementor-button-content-wrapper\">\n\t\t\t\t\t\t<span class=\"elementor-button-icon\">\n\t\t\t\t<i aria-hidden=\"true\" class=\"material-icons md-call_made\" data-md-icon=\"call_made\"><\/i>\t\t\t<\/span>\n\t\t\t\t\t\t\t\t\t<span class=\"elementor-button-text\">info@nestaan.dk  <\/span>\n\t\t\t\t\t<\/span>\n\t\t\t\t\t<\/a>\n\t\t\t\t<\/div>\n\t\t\t\t\t\t\t\t<\/div>\n\t\t\t\t<\/div>\n\t\t\t\t\t<\/div>\n\t\t<\/div>\n\t\t\t\t\t<\/div>\n\t\t<\/section>\n\t\t\t\t\t<\/div>\n\t\t<\/div>\n\t\t\t\t\t<\/div>\n\t\t<\/section>\n\t\t\t\t<\/div>\n\t\t","protected":false},"excerpt":{"rendered":"<p>Hauptseite Datenschutzbestimmungen Datenschutz bei Nestaan Nordic A\/S Wir erheben personenbezogene Daten nur in den F\u00e4llen, in denen sie f\u00fcr uns relevant sind, und wir erheben personenbezogene Daten nur, wenn sie f\u00fcr Ihre T\u00e4tigkeit bei Nestaan Nordic A\/S relevant sind. Bei der Erhebung, Verarbeitung und Nutzung Ihrer personenbezogenen Daten halten wir uns stets an die einschl\u00e4gigen [&hellip;]<\/p>\n","protected":false},"author":2,"featured_media":0,"parent":0,"menu_order":0,"comment_status":"closed","ping_status":"closed","template":"","meta":{"footnotes":""},"class_list":["post-3280","page","type-page","status-publish","hentry"],"_links":{"self":[{"href":"https:\/\/nestaan.dk\/de\/wp-json\/wp\/v2\/pages\/3280","targetHints":{"allow":["GET"]}}],"collection":[{"href":"https:\/\/nestaan.dk\/de\/wp-json\/wp\/v2\/pages"}],"about":[{"href":"https:\/\/nestaan.dk\/de\/wp-json\/wp\/v2\/types\/page"}],"author":[{"embeddable":true,"href":"https:\/\/nestaan.dk\/de\/wp-json\/wp\/v2\/users\/2"}],"replies":[{"embeddable":true,"href":"https:\/\/nestaan.dk\/de\/wp-json\/wp\/v2\/comments?post=3280"}],"version-history":[{"count":4,"href":"https:\/\/nestaan.dk\/de\/wp-json\/wp\/v2\/pages\/3280\/revisions"}],"predecessor-version":[{"id":3315,"href":"https:\/\/nestaan.dk\/de\/wp-json\/wp\/v2\/pages\/3280\/revisions\/3315"}],"wp:attachment":[{"href":"https:\/\/nestaan.dk\/de\/wp-json\/wp\/v2\/media?parent=3280"}],"curies":[{"name":"wp","href":"https:\/\/api.w.org\/{rel}","templated":true}]}}