{"id":3282,"date":"2023-01-29T13:09:07","date_gmt":"2023-01-29T12:09:07","guid":{"rendered":"https:\/\/unitedfoam.com\/cookie-und-datenschutzrichtlinie\/"},"modified":"2024-04-10T08:27:34","modified_gmt":"2024-04-10T06:27:34","slug":"cookie-und-datenschutzrichtlinie","status":"publish","type":"page","link":"https:\/\/nestaan.dk\/de\/cookie-und-datenschutzrichtlinie\/","title":{"rendered":"Cookie- und Datenschutzrichtlinie"},"content":{"rendered":"\t\t<div data-elementor-type=\"wp-page\" data-elementor-id=\"3282\" class=\"elementor elementor-3282 elementor-1196\" data-elementor-post-type=\"page\">\n\t\t\t\t\t\t<section class=\"elementor-section elementor-top-section elementor-element elementor-element-5fa75f83 elementor-section-boxed elementor-section-height-default elementor-section-height-default\" data-id=\"5fa75f83\" data-element_type=\"section\" data-e-type=\"section\" data-settings=\"{&quot;background_background&quot;:&quot;classic&quot;}\">\n\t\t\t\t\t\t\t<div class=\"elementor-background-overlay\"><\/div>\n\t\t\t\t\t\t\t<div class=\"elementor-container elementor-column-gap-default\">\n\t\t\t\t\t<div class=\"elementor-column elementor-col-50 elementor-top-column elementor-element elementor-element-d868517 elementor-invisible\" data-id=\"d868517\" data-element_type=\"column\" data-e-type=\"column\" data-settings=\"{&quot;animation&quot;:&quot;fadeInUp&quot;}\">\n\t\t\t<div class=\"elementor-widget-wrap elementor-element-populated\">\n\t\t\t\t\t\t<div class=\"elementor-element elementor-element-63b816 elementor-icon-list--layout-inline elementor-list-item-link-full_width elementor-widget elementor-widget-icon-list\" data-id=\"63b816\" data-element_type=\"widget\" data-e-type=\"widget\" data-widget_type=\"icon-list.default\">\n\t\t\t\t<div class=\"elementor-widget-container\">\n\t\t\t\t\t\t\t<ul class=\"elementor-icon-list-items elementor-inline-items\">\n\t\t\t\t\t\t\t<li class=\"elementor-icon-list-item elementor-inline-item\">\n\t\t\t\t\t\t\t\t\t\t<span class=\"elementor-icon-list-text\">Hauptseite<\/span>\n\t\t\t\t\t\t\t\t\t<\/li>\n\t\t\t\t\t\t\t\t<li class=\"elementor-icon-list-item elementor-inline-item\">\n\t\t\t\t\t\t\t\t\t\t\t<span class=\"elementor-icon-list-icon\">\n\t\t\t\t\t\t\t<i aria-hidden=\"true\" class=\"fas fa-grip-lines-vertical\"><\/i>\t\t\t\t\t\t<\/span>\n\t\t\t\t\t\t\t\t\t\t<span class=\"elementor-icon-list-text\">Cookie- und Datenschutzrichtlinie<\/span>\n\t\t\t\t\t\t\t\t\t<\/li>\n\t\t\t\t\t\t<\/ul>\n\t\t\t\t\t\t<\/div>\n\t\t\t\t<\/div>\n\t\t\t\t<div class=\"elementor-element elementor-element-70a0c886 elementor-widget elementor-widget-heading\" data-id=\"70a0c886\" data-element_type=\"widget\" data-e-type=\"widget\" data-widget_type=\"heading.default\">\n\t\t\t\t<div class=\"elementor-widget-container\">\n\t\t\t\t\t<h2 class=\"elementor-heading-title elementor-size-default\">Cookie- und Datenschutzpolitik bei Nestaan Nordic A\/S  <\/h2>\t\t\t\t<\/div>\n\t\t\t\t<\/div>\n\t\t\t\t<div class=\"elementor-element elementor-element-6bc4c7eb elementor-widget elementor-widget-text-editor\" data-id=\"6bc4c7eb\" data-element_type=\"widget\" data-e-type=\"widget\" data-widget_type=\"text-editor.default\">\n\t\t\t\t<div class=\"elementor-widget-container\">\n\t\t\t\t\t\t\t\t\t<p>Wenn Sie unsere Website besuchen, werden Informationen \u00fcber Sie gesammelt, die dazu dienen, unsere Inhalte anzupassen und zu verbessern und den Wert der auf der Website angezeigten Anzeigen zu erh\u00f6hen. Wenn Sie nicht m\u00f6chten, dass Informationen gesammelt werden, sollten Sie Ihre Cookies l\u00f6schen (siehe Anleitung) und die Website nicht weiter nutzen. Im Folgenden wird erl\u00e4utert, welche Informationen gesammelt werden, welchen Zweck sie erf\u00fcllen und welche Dritten Zugang zu ihnen haben.<\/p>\n\t\t\t\t\t\t\t\t<\/div>\n\t\t\t\t<\/div>\n\t\t\t\t<div class=\"elementor-element elementor-element-65e31ee8 elementor-widget elementor-widget-button\" data-id=\"65e31ee8\" data-element_type=\"widget\" data-e-type=\"widget\" data-widget_type=\"button.default\">\n\t\t\t\t<div class=\"elementor-widget-container\">\n\t\t\t\t\t\t\t\t\t<div class=\"elementor-button-wrapper\">\n\t\t\t\t\t<a class=\"elementor-button elementor-button-link elementor-size-md\" href=\"https:\/\/unitedfoam.com\/da\/kontakt\/\" target=\"_blank\" rel=\"noopener\">\n\t\t\t\t\t\t<span class=\"elementor-button-content-wrapper\">\n\t\t\t\t\t\t\t\t\t<span class=\"elementor-button-text\">Kontakt<\/span>\n\t\t\t\t\t<\/span>\n\t\t\t\t\t<\/a>\n\t\t\t\t<\/div>\n\t\t\t\t\t\t\t\t<\/div>\n\t\t\t\t<\/div>\n\t\t\t\t\t<\/div>\n\t\t<\/div>\n\t\t\t\t<div class=\"elementor-column elementor-col-50 elementor-top-column elementor-element elementor-element-7168ef00\" data-id=\"7168ef00\" data-element_type=\"column\" data-e-type=\"column\">\n\t\t\t<div class=\"elementor-widget-wrap\">\n\t\t\t\t\t\t\t<\/div>\n\t\t<\/div>\n\t\t\t\t\t<\/div>\n\t\t<\/section>\n\t\t\t\t<section class=\"elementor-section elementor-top-section elementor-element elementor-element-9e5668a elementor-section-boxed elementor-section-height-default elementor-section-height-default\" data-id=\"9e5668a\" data-element_type=\"section\" data-e-type=\"section\">\n\t\t\t\t\t\t<div class=\"elementor-container elementor-column-gap-default\">\n\t\t\t\t\t<div class=\"elementor-column elementor-col-100 elementor-top-column elementor-element elementor-element-4a1735a7 elementor-invisible\" data-id=\"4a1735a7\" data-element_type=\"column\" data-e-type=\"column\" data-settings=\"{&quot;animation&quot;:&quot;fadeInLeft&quot;}\">\n\t\t\t<div class=\"elementor-widget-wrap elementor-element-populated\">\n\t\t\t\t\t\t<div class=\"elementor-element elementor-element-eeb5200 elementor-widget elementor-widget-text-editor\" data-id=\"eeb5200\" data-element_type=\"widget\" data-e-type=\"widget\" data-widget_type=\"text-editor.default\">\n\t\t\t\t<div class=\"elementor-widget-container\">\n\t\t\t\t\t\t\t\t\t<h4><span style=\"color: #29436b;\">Cookies<\/span><\/h4>\n<p>Die Website verwendet &#8222;Cookies&#8220;, d.h. eine Textdatei, die auf Ihrem Computer, Mobiltelefon o.\u00e4. gespeichert wird, um ihn wiederzuerkennen, sich an Einstellungen zu erinnern, Statistiken zu erstellen und Werbung zu schalten. Cookies k\u00f6nnen keinen b\u00f6sartigen Code wie z. B. Viren enthalten.<\/p>\n<p>Es ist m\u00f6glich, Cookies zu l\u00f6schen oder zu blockieren. Siehe den Leitfaden: http:\/\/minecookies.org\/cookiehandtering<\/p>\n<p>Wenn Sie Cookies l\u00f6schen oder blockieren, kann es sein, dass die Werbung weniger relevant f\u00fcr Sie ist und h\u00e4ufiger erscheint. Sie k\u00f6nnen auch riskieren, dass die Website nicht optimal funktioniert und dass Sie auf Inhalte nicht zugreifen k\u00f6nnen.<\/p>\n<h4><span style=\"color: #29436b;\">Pers\u00f6nliche Daten<\/span><\/h4>\n<h6><strong>Allgemein<\/strong><\/h6>\n<p>Personenbezogene Daten sind alle Informationen, die in gewissem Ma\u00dfe auf Sie zur\u00fcckgef\u00fchrt werden k\u00f6nnen. Wenn Sie unsere Website nutzen, sammeln und verarbeiten wir eine Reihe solcher Informationen. Dies geschieht zum Beispiel, wenn Sie auf Inhalte zugreifen, sich f\u00fcr unseren Newsletter anmelden, an Wettbewerben oder Umfragen teilnehmen, sich als Nutzer oder Abonnent registrieren, andere Dienste nutzen oder \u00fcber die Website einkaufen.<\/p>\n<p>Wir erfassen und verarbeiten in der Regel die folgenden Arten von Informationen: eine eindeutige ID und technische Informationen \u00fcber Ihren Computer, Ihr Tablet oder Ihr Mobiltelefon, Ihre IP-Nummer, Ihren geografischen Standort und welche Seiten Sie anklicken (Interessen). Soweit Sie dem ausdr\u00fccklich zustimmen und die Daten selbst eingeben, werden auch folgende Daten verarbeitet Name, Telefonnummer, E-Mail, Adresse und Zahlungsdaten. Dies geschieht in der Regel im Zusammenhang mit der Erstellung eines Logins oder einem Kauf.<\/p>\n<h6><strong>Sicherheit und Schutz<\/strong><\/h6>\n<p>Wir verarbeiten Ihre personenbezogenen Daten sicher und vertraulich in \u00dcbereinstimmung mit den geltenden Gesetzen, einschlie\u00dflich der Allgemeinen Datenschutzverordnung und dem Datenschutzgesetz.<\/p>\n<p>Ihre Daten werden nur f\u00fcr den Zweck verwendet, f\u00fcr den sie erhoben wurden, und werden gel\u00f6scht, wenn dieser Zweck erf\u00fcllt oder nicht mehr relevant ist.<\/p>\n<p>Wir haben technische und organisatorische Ma\u00dfnahmen ergriffen, um zu verhindern, dass Ihre Daten versehentlich oder unrechtm\u00e4\u00dfig gel\u00f6scht werden, ver\u00f6ffentlicht werden, verloren gehen, beeintr\u00e4chtigt oder an Unbefugte weitergegeben werden, missbraucht oder in anderer Weise rechtswidrig verarbeitet werden.<\/p>\n<h6><strong>Zweck<\/strong><\/h6>\n<p>Die Informationen werden verwendet, um Sie als Nutzer zu identifizieren und Ihnen die Werbung zu zeigen, die am ehesten f\u00fcr Sie relevant ist, um Ihre Eink\u00e4ufe und Zahlungen zu registrieren und um die von Ihnen angeforderten Dienstleistungen zu erbringen, wie z. B. den Versand eines Newsletters. Dar\u00fcber hinaus nutzen wir die Daten zur Optimierung unserer Dienste und Inhalte.<\/p>\n<h6><strong>Dauer der Lagerung<\/strong><\/h6>\n<p>Die Daten werden f\u00fcr den gesetzlich zul\u00e4ssigen Zeitraum gespeichert und gel\u00f6scht, wenn sie nicht mehr ben\u00f6tigt werden. Der Zeitraum h\u00e4ngt von der Art der Informationen und dem Grund f\u00fcr die Speicherung ab. Es ist daher nicht m\u00f6glich, einen allgemeinen Zeitrahmen f\u00fcr die L\u00f6schung von Informationen anzugeben.<\/p>\n<h6><strong>Offenlegung von Informationen<\/strong><\/h6>\n<p>Daten \u00fcber Ihre Nutzung der Website, welche Anzeigen Sie erhalten und m\u00f6glicherweise anklicken, geografischer Standort, Geschlecht und Altersgruppe usw. werden an Dritte weitergegeben, soweit diese Informationen bekannt sind. Um welche Drittanbieter es sich dabei handelt, k\u00f6nnen Sie im Abschnitt &#8222;Cookies&#8220; oben sehen. Die Informationen werden f\u00fcr gezielte Werbung verwendet.<\/p>\n<p>Wir nutzen auch eine Reihe von Dritten f\u00fcr die Datenspeicherung und -verarbeitung. Sie verarbeiten die Daten nur in unserem Auftrag und d\u00fcrfen sie nicht f\u00fcr eigene Zwecke verwenden.<\/p>\n<p>Die Weitergabe personenbezogener Daten wie Name und E-Mail usw. erfolgt nur, wenn Sie dem zustimmen. Wir verwenden nur Datenverarbeiter in der EU oder in L\u00e4ndern, die einen angemessenen Schutz Ihrer Daten gew\u00e4hrleisten k\u00f6nnen.<\/p>\n<h6><strong><span style=\"color: #29436b;\">Einblicke und Beschwerden<\/span><\/strong><\/h6>\n<p>Sie haben das Recht, Informationen \u00fcber die von uns \u00fcber Sie verarbeiteten personenbezogenen Daten in einem allgemein gebr\u00e4uchlichen Format zu erhalten (Daten\u00fcbertragbarkeit). Sie k\u00f6nnen der Verwendung von Informationen auch jederzeit widersprechen. Sie k\u00f6nnen auch Ihre Zustimmung zur Verarbeitung Ihrer Daten widerrufen. Wenn die \u00fcber Sie verarbeiteten Daten unrichtig sind, haben Sie das Recht, sie berichtigen oder l\u00f6schen zu lassen. Anfragen k\u00f6nnen gerichtet werden an: info@unitedfoam.com. Wenn Sie sich \u00fcber die Verarbeitung Ihrer personenbezogenen Daten durch uns beschweren m\u00f6chten, k\u00f6nnen Sie sich auch an die d\u00e4nische Datenschutzbeh\u00f6rde wenden.<\/p>\n<p>Wenn Sie nicht mehr m\u00f6chten, dass wir Ihre personenbezogenen Daten verarbeiten, oder wenn Sie die Verarbeitung Ihrer personenbezogenen Daten einschr\u00e4nken m\u00f6chten, k\u00f6nnen Sie uns ebenfalls einen entsprechenden Antrag an die oben genannte E-Mail-Adresse senden.<\/p>\n<h6><strong>Herausgeber<\/strong><\/h6>\n<p>Diese Website ist Eigentum und wird ver\u00f6ffentlicht von:<\/p>\n<p>Nestaan Nordic A\/S<br \/>Industriv\u00e6nget 11<br \/>7400 Herning<br \/>Telefon: 86373811<br \/>E-Mail: info@nestaan.dk<\/p>\n\t\t\t\t\t\t\t\t<\/div>\n\t\t\t\t<\/div>\n\t\t\t\t\t<\/div>\n\t\t<\/div>\n\t\t\t\t\t<\/div>\n\t\t<\/section>\n\t\t\t\t<section class=\"elementor-section elementor-top-section elementor-element elementor-element-02b5de9 elementor-section-boxed elementor-section-height-default elementor-section-height-default\" data-id=\"02b5de9\" data-element_type=\"section\" data-e-type=\"section\" data-settings=\"{&quot;background_background&quot;:&quot;classic&quot;}\">\n\t\t\t\t\t\t\t<div class=\"elementor-background-overlay\"><\/div>\n\t\t\t\t\t\t\t<div class=\"elementor-container elementor-column-gap-default\">\n\t\t\t\t\t<div class=\"elementor-column elementor-col-100 elementor-top-column elementor-element elementor-element-00572c4 elementor-invisible\" data-id=\"00572c4\" data-element_type=\"column\" data-e-type=\"column\" data-settings=\"{&quot;animation&quot;:&quot;zoomIn&quot;}\">\n\t\t\t<div class=\"elementor-widget-wrap elementor-element-populated\">\n\t\t\t\t\t\t<div class=\"elementor-element elementor-element-1f58f23 elementor-widget elementor-widget-heading\" data-id=\"1f58f23\" data-element_type=\"widget\" data-e-type=\"widget\" data-widget_type=\"heading.default\">\n\t\t\t\t<div class=\"elementor-widget-container\">\n\t\t\t\t\t<h6 class=\"elementor-heading-title elementor-size-default\">Haben Sie eine Frage<\/h6>\t\t\t\t<\/div>\n\t\t\t\t<\/div>\n\t\t\t\t<div class=\"elementor-element elementor-element-7f7766c elementor-widget elementor-widget-heading\" data-id=\"7f7766c\" data-element_type=\"widget\" data-e-type=\"widget\" data-widget_type=\"heading.default\">\n\t\t\t\t<div class=\"elementor-widget-container\">\n\t\t\t\t\t<h2 class=\"elementor-heading-title elementor-size-default\">Kontaktieren Sie uns f\u00fcr ein unverbindliches Angebot<\/h2>\t\t\t\t<\/div>\n\t\t\t\t<\/div>\n\t\t\t\t<div class=\"elementor-element elementor-element-50fec26 elementor-widget elementor-widget-text-editor\" data-id=\"50fec26\" data-element_type=\"widget\" data-e-type=\"widget\" data-widget_type=\"text-editor.default\">\n\t\t\t\t<div class=\"elementor-widget-container\">\n\t\t\t\t\t\t\t\t\t<p>Wir haben umfangreiche Erfahrungen mit der D\u00e4mmung mit PUR-Schaum. Nehmen Sie Kontakt mit uns auf, um mehr dar\u00fcber zu erfahren, wie wir Ihre D\u00e4mmungsaufgabe l\u00f6sen k\u00f6nnen, und fordern Sie ein unverbindliches Angebot an.<\/p>\n\t\t\t\t\t\t\t\t<\/div>\n\t\t\t\t<\/div>\n\t\t\t\t<section class=\"elementor-section elementor-inner-section elementor-element elementor-element-5751e6f elementor-section-boxed elementor-section-height-default elementor-section-height-default\" data-id=\"5751e6f\" data-element_type=\"section\" data-e-type=\"section\">\n\t\t\t\t\t\t<div class=\"elementor-container elementor-column-gap-default\">\n\t\t\t\t\t<div class=\"elementor-column elementor-col-100 elementor-inner-column elementor-element elementor-element-023ebc0\" data-id=\"023ebc0\" data-element_type=\"column\" data-e-type=\"column\">\n\t\t\t<div class=\"elementor-widget-wrap elementor-element-populated\">\n\t\t\t\t\t\t<div class=\"elementor-element elementor-element-6b343a7 elementor-widget__width-auto elementor-widget-tablet__width-inherit elementor-widget elementor-widget-button\" data-id=\"6b343a7\" data-element_type=\"widget\" data-e-type=\"widget\" data-widget_type=\"button.default\">\n\t\t\t\t<div class=\"elementor-widget-container\">\n\t\t\t\t\t\t\t\t\t<div class=\"elementor-button-wrapper\">\n\t\t\t\t\t<a class=\"elementor-button elementor-button-link elementor-size-md\" href=\"\" target=\"_blank\">\n\t\t\t\t\t\t<span class=\"elementor-button-content-wrapper\">\n\t\t\t\t\t\t<span class=\"elementor-button-icon\">\n\t\t\t\t<i aria-hidden=\"true\" class=\"material-icons md-call_made\"><\/i>\t\t\t<\/span>\n\t\t\t\t\t\t\t\t\t<span class=\"elementor-button-text\">+45 86 37 38 11<\/span>\n\t\t\t\t\t<\/span>\n\t\t\t\t\t<\/a>\n\t\t\t\t<\/div>\n\t\t\t\t\t\t\t\t<\/div>\n\t\t\t\t<\/div>\n\t\t\t\t<div class=\"elementor-element elementor-element-0ec81ec elementor-widget__width-auto elementor-widget-tablet__width-inherit elementor-widget elementor-widget-button\" data-id=\"0ec81ec\" data-element_type=\"widget\" data-e-type=\"widget\" data-widget_type=\"button.default\">\n\t\t\t\t<div class=\"elementor-widget-container\">\n\t\t\t\t\t\t\t\t\t<div class=\"elementor-button-wrapper\">\n\t\t\t\t\t<a class=\"elementor-button elementor-button-link elementor-size-md\" href=\"mailto:info@nestaan.dk\" target=\"_blank\">\n\t\t\t\t\t\t<span class=\"elementor-button-content-wrapper\">\n\t\t\t\t\t\t<span class=\"elementor-button-icon\">\n\t\t\t\t<i aria-hidden=\"true\" class=\"material-icons md-call_made\" data-md-icon=\"call_made\"><\/i>\t\t\t<\/span>\n\t\t\t\t\t\t\t\t\t<span class=\"elementor-button-text\">info@nestaan.dk  <\/span>\n\t\t\t\t\t<\/span>\n\t\t\t\t\t<\/a>\n\t\t\t\t<\/div>\n\t\t\t\t\t\t\t\t<\/div>\n\t\t\t\t<\/div>\n\t\t\t\t\t<\/div>\n\t\t<\/div>\n\t\t\t\t\t<\/div>\n\t\t<\/section>\n\t\t\t\t\t<\/div>\n\t\t<\/div>\n\t\t\t\t\t<\/div>\n\t\t<\/section>\n\t\t\t\t<\/div>\n\t\t","protected":false},"excerpt":{"rendered":"<p>Hauptseite Cookie- und Datenschutzrichtlinie Cookie- und Datenschutzpolitik bei Nestaan Nordic A\/S Wenn Sie unsere Website besuchen, werden Informationen \u00fcber Sie gesammelt, die dazu dienen, unsere Inhalte anzupassen und zu verbessern und den Wert der auf der Website angezeigten Anzeigen zu erh\u00f6hen. Wenn Sie nicht m\u00f6chten, dass Informationen gesammelt werden, sollten Sie Ihre Cookies l\u00f6schen (siehe [&hellip;]<\/p>\n","protected":false},"author":2,"featured_media":0,"parent":0,"menu_order":0,"comment_status":"closed","ping_status":"closed","template":"","meta":{"footnotes":""},"class_list":["post-3282","page","type-page","status-publish","hentry"],"_links":{"self":[{"href":"https:\/\/nestaan.dk\/de\/wp-json\/wp\/v2\/pages\/3282","targetHints":{"allow":["GET"]}}],"collection":[{"href":"https:\/\/nestaan.dk\/de\/wp-json\/wp\/v2\/pages"}],"about":[{"href":"https:\/\/nestaan.dk\/de\/wp-json\/wp\/v2\/types\/page"}],"author":[{"embeddable":true,"href":"https:\/\/nestaan.dk\/de\/wp-json\/wp\/v2\/users\/2"}],"replies":[{"embeddable":true,"href":"https:\/\/nestaan.dk\/de\/wp-json\/wp\/v2\/comments?post=3282"}],"version-history":[{"count":4,"href":"https:\/\/nestaan.dk\/de\/wp-json\/wp\/v2\/pages\/3282\/revisions"}],"predecessor-version":[{"id":3303,"href":"https:\/\/nestaan.dk\/de\/wp-json\/wp\/v2\/pages\/3282\/revisions\/3303"}],"wp:attachment":[{"href":"https:\/\/nestaan.dk\/de\/wp-json\/wp\/v2\/media?parent=3282"}],"curies":[{"name":"wp","href":"https:\/\/api.w.org\/{rel}","templated":true}]}}