{"id":3370,"date":"2023-01-29T12:51:10","date_gmt":"2023-01-29T11:51:10","guid":{"rendered":"https:\/\/unitedfoam.com\/verkaufs-und-lieferbedingungen\/"},"modified":"2024-04-10T08:30:24","modified_gmt":"2024-04-10T06:30:24","slug":"verkaufs-und-lieferbedingungen","status":"publish","type":"page","link":"https:\/\/nestaan.dk\/de\/verkaufs-und-lieferbedingungen\/","title":{"rendered":"Verkaufs- und Lieferbedingungen"},"content":{"rendered":"\t\t<div data-elementor-type=\"wp-page\" data-elementor-id=\"3370\" class=\"elementor elementor-3370 elementor-1173\" data-elementor-post-type=\"page\">\n\t\t\t\t\t\t<section class=\"elementor-section elementor-top-section elementor-element elementor-element-5fa75f83 elementor-section-boxed elementor-section-height-default elementor-section-height-default\" data-id=\"5fa75f83\" data-element_type=\"section\" data-e-type=\"section\" data-settings=\"{&quot;background_background&quot;:&quot;classic&quot;}\">\n\t\t\t\t\t\t\t<div class=\"elementor-background-overlay\"><\/div>\n\t\t\t\t\t\t\t<div class=\"elementor-container elementor-column-gap-default\">\n\t\t\t\t\t<div class=\"elementor-column elementor-col-50 elementor-top-column elementor-element elementor-element-d868517 elementor-invisible\" data-id=\"d868517\" data-element_type=\"column\" data-e-type=\"column\" data-settings=\"{&quot;animation&quot;:&quot;fadeInUp&quot;}\">\n\t\t\t<div class=\"elementor-widget-wrap elementor-element-populated\">\n\t\t\t\t\t\t<div class=\"elementor-element elementor-element-63b816 elementor-icon-list--layout-inline elementor-list-item-link-full_width elementor-widget elementor-widget-icon-list\" data-id=\"63b816\" data-element_type=\"widget\" data-e-type=\"widget\" data-widget_type=\"icon-list.default\">\n\t\t\t\t<div class=\"elementor-widget-container\">\n\t\t\t\t\t\t\t<ul class=\"elementor-icon-list-items elementor-inline-items\">\n\t\t\t\t\t\t\t<li class=\"elementor-icon-list-item elementor-inline-item\">\n\t\t\t\t\t\t\t\t\t\t<span class=\"elementor-icon-list-text\">Hauptseite<\/span>\n\t\t\t\t\t\t\t\t\t<\/li>\n\t\t\t\t\t\t\t\t<li class=\"elementor-icon-list-item elementor-inline-item\">\n\t\t\t\t\t\t\t\t\t\t\t<span class=\"elementor-icon-list-icon\">\n\t\t\t\t\t\t\t<i aria-hidden=\"true\" class=\"fas fa-grip-lines-vertical\"><\/i>\t\t\t\t\t\t<\/span>\n\t\t\t\t\t\t\t\t\t\t<span class=\"elementor-icon-list-text\">Verkaufs- und Lieferbedingungen<\/span>\n\t\t\t\t\t\t\t\t\t<\/li>\n\t\t\t\t\t\t<\/ul>\n\t\t\t\t\t\t<\/div>\n\t\t\t\t<\/div>\n\t\t\t\t<div class=\"elementor-element elementor-element-70a0c886 elementor-widget elementor-widget-heading\" data-id=\"70a0c886\" data-element_type=\"widget\" data-e-type=\"widget\" data-widget_type=\"heading.default\">\n\t\t\t\t<div class=\"elementor-widget-container\">\n\t\t\t\t\t<h2 class=\"elementor-heading-title elementor-size-default\">Verkaufs- und Lieferbedingungen f\u00fcr Nestaan Nordic A\/S<\/h2>\t\t\t\t<\/div>\n\t\t\t\t<\/div>\n\t\t\t\t<div class=\"elementor-element elementor-element-6bc4c7eb elementor-widget elementor-widget-text-editor\" data-id=\"6bc4c7eb\" data-element_type=\"widget\" data-e-type=\"widget\" data-widget_type=\"text-editor.default\">\n\t\t\t\t<div class=\"elementor-widget-container\">\n\t\t\t\t\t\t\t\t\t<p>Die nachstehenden allgemeinen Gesch\u00e4ftsbedingungen gelten, soweit sie nicht durch eine andere schriftliche Vereinbarung abbedungen werden. Die folgenden Bedingungen gelten f\u00fcr alle Lieferungen von Nestaan Nordic A\/S (im Folgenden NN genannt).<\/p>\n\t\t\t\t\t\t\t\t<\/div>\n\t\t\t\t<\/div>\n\t\t\t\t<div class=\"elementor-element elementor-element-65e31ee8 elementor-widget elementor-widget-button\" data-id=\"65e31ee8\" data-element_type=\"widget\" data-e-type=\"widget\" data-widget_type=\"button.default\">\n\t\t\t\t<div class=\"elementor-widget-container\">\n\t\t\t\t\t\t\t\t\t<div class=\"elementor-button-wrapper\">\n\t\t\t\t\t<a class=\"elementor-button elementor-button-link elementor-size-md\" href=\"https:\/\/unitedfoam.com\/da\/kontakt\/\" target=\"_blank\" rel=\"noopener\">\n\t\t\t\t\t\t<span class=\"elementor-button-content-wrapper\">\n\t\t\t\t\t\t\t\t\t<span class=\"elementor-button-text\">Kontakt<\/span>\n\t\t\t\t\t<\/span>\n\t\t\t\t\t<\/a>\n\t\t\t\t<\/div>\n\t\t\t\t\t\t\t\t<\/div>\n\t\t\t\t<\/div>\n\t\t\t\t\t<\/div>\n\t\t<\/div>\n\t\t\t\t<div class=\"elementor-column elementor-col-50 elementor-top-column elementor-element elementor-element-7168ef00\" data-id=\"7168ef00\" data-element_type=\"column\" data-e-type=\"column\">\n\t\t\t<div class=\"elementor-widget-wrap\">\n\t\t\t\t\t\t\t<\/div>\n\t\t<\/div>\n\t\t\t\t\t<\/div>\n\t\t<\/section>\n\t\t\t\t<section class=\"elementor-section elementor-top-section elementor-element elementor-element-9e5668a elementor-section-boxed elementor-section-height-default elementor-section-height-default\" data-id=\"9e5668a\" data-element_type=\"section\" data-e-type=\"section\">\n\t\t\t\t\t\t<div class=\"elementor-container elementor-column-gap-default\">\n\t\t\t\t\t<div class=\"elementor-column elementor-col-100 elementor-top-column elementor-element elementor-element-4a1735a7 elementor-invisible\" data-id=\"4a1735a7\" data-element_type=\"column\" data-e-type=\"column\" data-settings=\"{&quot;animation&quot;:&quot;fadeInLeft&quot;}\">\n\t\t\t<div class=\"elementor-widget-wrap elementor-element-populated\">\n\t\t\t\t\t\t<div class=\"elementor-element elementor-element-eeb5200 elementor-widget elementor-widget-text-editor\" data-id=\"eeb5200\" data-element_type=\"widget\" data-e-type=\"widget\" data-widget_type=\"text-editor.default\">\n\t\t\t\t<div class=\"elementor-widget-container\">\n\t\t\t\t\t\t\t\t\t<h6 class=\"m-b-0\"><strong>1. Allgemeines:<\/strong><\/h6>\n<p class=\"small\">Diese Verkaufs- und Lieferbedingungen gelten f\u00fcr alle Lieferungen von NN, es sei denn, NN hat schriftlich etwas anderes vereinbart. Im Falle von Widerspr\u00fcchen zwischen diesen Verkaufs- und Lieferbedingungen und den allgemeinen Gesch\u00e4ftsbedingungen des K\u00e4ufers haben die Verkaufs- und Lieferbedingungen von NN Vorrang vor den eigenen Gesch\u00e4ftsbedingungen des K\u00e4ufers.<\/p>\n<h6 class=\"m-b-0\"><strong>2. Kostenvoranschl\u00e4ge und Auftragsbest\u00e4tigungen:<\/strong><\/h6>\n<p class=\"small\">Sofern nicht anders angegeben, sind die Angebote 30 Tage lang verbindlich. Der K\u00e4ufer ist daf\u00fcr verantwortlich, dass das Lastenheft f\u00fcr die Angebotsanfrage vollst\u00e4ndig ist und die notwendigen und ausreichenden Informationen enth\u00e4lt.<\/p>\n<h6 class=\"m-b-0\"><strong>3. Beratung:<\/strong><\/h6>\n<p class=\"small\">NN ber\u00e4t seine Kunden nach bestem Wissen und Gewissen und auf der Grundlage der vom Kunden zur Verf\u00fcgung gestellten Informationen. NN kann in keiner Weise haftbar gemacht werden, wenn sich sp\u00e4ter herausstellt, dass eine andere L\u00f6sung vorzuziehen gewesen w\u00e4re.<\/p>\n<h6 class=\"m-b-0\"><strong>4. die Preisgestaltung:<\/strong><\/h6>\n<p class=\"small\">Die im Angebot\/Auftrag\/Auftragsbest\u00e4tigung genannten Preise verstehen sich ausschlie\u00dflich Mehrwertsteuer, Fracht, Verpackung, Z\u00f6llen und sonstigen Abgaben. Sofern nicht anders vereinbart, bleiben Preisanpassungen in Form von W\u00e4hrungs\u00e4nderungen, Lohn- und Materialerh\u00f6hungen bis zur Zahlung vorbehalten.<\/p>\n<h6 class=\"m-b-0\"><strong>5. Lieferung, Lieferfrist und Verzug:<\/strong><\/h6>\n<p class=\"small\">Die Lieferung erfolgt, wenn nicht anders vereinbart, ab Lager, und der Versand erfolgt auf Kosten und Gefahr des Kunden. Die Lieferzeiten sind ann\u00e4hernd, sofern nicht ausdr\u00fccklich anders angegeben. Bei Mengenware behalten wir uns eine \u00dcber- oder Unterlieferung von 10% der bestellten Menge vor, sofern nicht anders schriftlich best\u00e4tigt. F\u00fcr versp\u00e4tete Lieferungen von NN wird keine Entsch\u00e4digung gezahlt. Auf die Ziffern 13 und 14 von NL 92 wird hiermit verzichtet.<\/p>\n<h6 class=\"m-b-0\"><strong>6. Die Bezahlung:<\/strong><\/h6>\n<p class=\"small\">Die Zahlung erfolgt gem\u00e4\u00df den von NN festgelegten Zahlungsbedingungen, die von NN nachtr\u00e4glich ge\u00e4ndert werden k\u00f6nnen, wenn NN dies f\u00fcr notwendig erachtet. Die Zahlungsbedingungen sind wie in der Rechnung angegeben. Auf die Klausel 17 von NL 92 wird hiermit verzichtet. Wenn in der Rechnung nichts angegeben ist, betr\u00e4gt die Zahlungsfrist 20 Tage. Erfolgt die Zahlung nicht zum F\u00e4lligkeitstermin, werden Zinsen in H\u00f6he von 2 % pro angefangenem Monat berechnet. Die gelieferte Ware ist bis zur vollst\u00e4ndigen Bezahlung Eigentum des NN. Bei vorheriger \u00dcberschreitung der Zahlungsfrist hat NN das Recht, bis zur Zahlung ein Pfandrecht an den hergestellten und verarbeiteten Sachen auszu\u00fcben.<\/p>\n<h6 class=\"m-b-0\"><strong>7. Defekte und h\u00f6here Gewalt:<\/strong><\/h6>\n<p class=\"small\">NN beh\u00e4lt sich das Recht vor, w\u00e4hrend eines Zeitraums von 12 aufeinanderfolgenden Monaten nach der Lieferung an den Kunden Waren nachzubessern oder neu zu liefern. Nachbesserung oder Neulieferung setzt voraus, dass der Kunde unverz\u00fcglich nach Lieferung schriftlich reklamiert hat. Die Kosten des Kunden im Zusammenhang mit der Sanierung, wie z. B. Betriebskosten, entgangener Gewinn, Sch\u00e4den an anderem Eigentum und andere indirekte Verluste, k\u00f6nnen nicht gegen\u00fcber NN geltend gemacht werden. Es wird auf die Paragraphen 21-35 von NL 92 verwiesen. F\u00fcr den Fall h\u00f6herer Gewalt wird auf die Bestimmungen in Artikel 37 der NL 92 verwiesen.<\/p>\n<h6 class=\"m-b-0\"><strong>8. Produkthaftung:<\/strong><\/h6>\n<p class=\"small\">NN kann nur dann f\u00fcr Sch\u00e4den an von uns gelieferten Waren oder Dienstleistungen haftbar gemacht werden, wenn der Schaden nachweislich auf einen von NN, einschlie\u00dflich unserer Mitarbeiter, begangenen Fehler zur\u00fcckzuf\u00fchren ist. NN haftet nicht f\u00fcr Betriebsverluste, entgangenen Gewinn oder andere indirekte Verluste, die dem K\u00e4ufer oder Dritten entstehen. Soweit wir gegen\u00fcber Dritten haftbar gemacht werden k\u00f6nnen, ist der Kunde verpflichtet, NN schadlos zu halten. Siehe dazu Punkt 36 in NL 92.<\/p>\n<h6 class=\"m-b-0\"><strong>9. Verantwortungsvolle Praktiken:<\/strong><\/h6>\n<p class=\"small\">Der K\u00e4ufer muss sich mit allen von NN zur Verf\u00fcgung gestellten Produktdaten oder Informationen, einschlie\u00dflich MSDS, vertraut machen und die Sicherheitsvorschriften f\u00fcr die Handhabung, den Gebrauch, den Verkauf, die Lagerung, den Transport und die Entsorgung einhalten, einschlie\u00dflich spezieller Praktiken, die der Gebrauch des Produkts durch den K\u00e4ufer erfordert und die er seinen Mitarbeitern, Lieferanten, Vertretern und Kunden auferlegt, um geeignete Ma\u00dfnahmen zu ergreifen, um ein Versch\u00fctten oder andere Gefahren f\u00fcr Personen, Eigentum oder die Umwelt zu vermeiden. NN kann diesen Vertrag mit einer Frist von 15 Tagen k\u00fcndigen, wenn der K\u00e4ufer eine seiner Verpflichtungen aus diesem Abschnitt nicht erf\u00fcllt.<\/p>\n<h6 class=\"m-b-0\"><strong>10. NL 92 und Streitigkeiten:<\/strong><\/h6>\n<p class=\"small\">Dar\u00fcber hinaus gelten innerhalb Europas die allgemeinen Gesch\u00e4ftsbedingungen gem\u00e4\u00df NL 92, wenn diese nicht ausreichen, jedoch nicht in den F\u00e4llen, in denen von NL 92 abgewichen wird. Das Rechtsverh\u00e4ltnis zwischen dem Kunden und NN unterliegt dem d\u00e4nischen Recht. Gerichtsstand bei Streitigkeiten zwischen dem Kunden und NN ist das Amtsgericht in Holstebro.<\/p>\n<p class=\"small\">\n\t\t\t\t\t\t\t\t<\/div>\n\t\t\t\t<\/div>\n\t\t\t\t\t<\/div>\n\t\t<\/div>\n\t\t\t\t\t<\/div>\n\t\t<\/section>\n\t\t\t\t<section class=\"elementor-section elementor-top-section elementor-element elementor-element-12db038 elementor-section-boxed elementor-section-height-default elementor-section-height-default\" data-id=\"12db038\" data-element_type=\"section\" data-e-type=\"section\" data-settings=\"{&quot;background_background&quot;:&quot;classic&quot;}\">\n\t\t\t\t\t\t\t<div class=\"elementor-background-overlay\"><\/div>\n\t\t\t\t\t\t\t<div class=\"elementor-container elementor-column-gap-default\">\n\t\t\t\t\t<div class=\"elementor-column elementor-col-100 elementor-top-column elementor-element elementor-element-572bee1 elementor-invisible\" data-id=\"572bee1\" data-element_type=\"column\" data-e-type=\"column\" data-settings=\"{&quot;animation&quot;:&quot;zoomIn&quot;}\">\n\t\t\t<div class=\"elementor-widget-wrap elementor-element-populated\">\n\t\t\t\t\t\t<div class=\"elementor-element elementor-element-9c1eadb elementor-widget elementor-widget-heading\" data-id=\"9c1eadb\" data-element_type=\"widget\" data-e-type=\"widget\" data-widget_type=\"heading.default\">\n\t\t\t\t<div class=\"elementor-widget-container\">\n\t\t\t\t\t<h6 class=\"elementor-heading-title elementor-size-default\">Haben Sie eine Frage<\/h6>\t\t\t\t<\/div>\n\t\t\t\t<\/div>\n\t\t\t\t<div class=\"elementor-element elementor-element-e193a45 elementor-widget elementor-widget-heading\" data-id=\"e193a45\" data-element_type=\"widget\" data-e-type=\"widget\" data-widget_type=\"heading.default\">\n\t\t\t\t<div class=\"elementor-widget-container\">\n\t\t\t\t\t<h2 class=\"elementor-heading-title elementor-size-default\">Kontaktieren Sie uns f\u00fcr ein unverbindliches Angebot<\/h2>\t\t\t\t<\/div>\n\t\t\t\t<\/div>\n\t\t\t\t<div class=\"elementor-element elementor-element-fe5d650 elementor-widget elementor-widget-text-editor\" data-id=\"fe5d650\" data-element_type=\"widget\" data-e-type=\"widget\" data-widget_type=\"text-editor.default\">\n\t\t\t\t<div class=\"elementor-widget-container\">\n\t\t\t\t\t\t\t\t\t<p>Wir haben umfangreiche Erfahrungen mit der D\u00e4mmung mit PUR-Schaum. Nehmen Sie Kontakt mit uns auf, um mehr dar\u00fcber zu erfahren, wie wir Ihre D\u00e4mmungsaufgabe l\u00f6sen k\u00f6nnen, und fordern Sie ein unverbindliches Angebot an.<\/p>\n\t\t\t\t\t\t\t\t<\/div>\n\t\t\t\t<\/div>\n\t\t\t\t<section class=\"elementor-section elementor-inner-section elementor-element elementor-element-65efd0f elementor-section-boxed elementor-section-height-default elementor-section-height-default\" data-id=\"65efd0f\" data-element_type=\"section\" data-e-type=\"section\">\n\t\t\t\t\t\t<div class=\"elementor-container elementor-column-gap-default\">\n\t\t\t\t\t<div class=\"elementor-column elementor-col-100 elementor-inner-column elementor-element elementor-element-c16202b\" data-id=\"c16202b\" data-element_type=\"column\" data-e-type=\"column\">\n\t\t\t<div class=\"elementor-widget-wrap elementor-element-populated\">\n\t\t\t\t\t\t<div class=\"elementor-element elementor-element-070de94 elementor-widget__width-auto elementor-widget-tablet__width-inherit elementor-widget elementor-widget-button\" data-id=\"070de94\" data-element_type=\"widget\" data-e-type=\"widget\" data-widget_type=\"button.default\">\n\t\t\t\t<div class=\"elementor-widget-container\">\n\t\t\t\t\t\t\t\t\t<div class=\"elementor-button-wrapper\">\n\t\t\t\t\t<a class=\"elementor-button elementor-button-link elementor-size-md\" href=\"\" target=\"_blank\">\n\t\t\t\t\t\t<span class=\"elementor-button-content-wrapper\">\n\t\t\t\t\t\t<span class=\"elementor-button-icon\">\n\t\t\t\t<i aria-hidden=\"true\" class=\"material-icons md-call_made\"><\/i>\t\t\t<\/span>\n\t\t\t\t\t\t\t\t\t<span class=\"elementor-button-text\">+45 86 37 38 11<\/span>\n\t\t\t\t\t<\/span>\n\t\t\t\t\t<\/a>\n\t\t\t\t<\/div>\n\t\t\t\t\t\t\t\t<\/div>\n\t\t\t\t<\/div>\n\t\t\t\t<div class=\"elementor-element elementor-element-5f94d73 elementor-widget__width-auto elementor-widget-tablet__width-inherit elementor-widget elementor-widget-button\" data-id=\"5f94d73\" data-element_type=\"widget\" data-e-type=\"widget\" data-widget_type=\"button.default\">\n\t\t\t\t<div class=\"elementor-widget-container\">\n\t\t\t\t\t\t\t\t\t<div class=\"elementor-button-wrapper\">\n\t\t\t\t\t<a class=\"elementor-button elementor-button-link elementor-size-md\" href=\"mailto:info@nestaan.dk\" target=\"_blank\">\n\t\t\t\t\t\t<span class=\"elementor-button-content-wrapper\">\n\t\t\t\t\t\t<span class=\"elementor-button-icon\">\n\t\t\t\t<i aria-hidden=\"true\" class=\"material-icons md-call_made\" data-md-icon=\"call_made\"><\/i>\t\t\t<\/span>\n\t\t\t\t\t\t\t\t\t<span class=\"elementor-button-text\">info@nestaan.dk  <\/span>\n\t\t\t\t\t<\/span>\n\t\t\t\t\t<\/a>\n\t\t\t\t<\/div>\n\t\t\t\t\t\t\t\t<\/div>\n\t\t\t\t<\/div>\n\t\t\t\t\t<\/div>\n\t\t<\/div>\n\t\t\t\t\t<\/div>\n\t\t<\/section>\n\t\t\t\t\t<\/div>\n\t\t<\/div>\n\t\t\t\t\t<\/div>\n\t\t<\/section>\n\t\t\t\t<\/div>\n\t\t","protected":false},"excerpt":{"rendered":"<p>Hauptseite Verkaufs- und Lieferbedingungen Verkaufs- und Lieferbedingungen f\u00fcr Nestaan Nordic A\/S Die nachstehenden allgemeinen Gesch\u00e4ftsbedingungen gelten, soweit sie nicht durch eine andere schriftliche Vereinbarung abbedungen werden. Die folgenden Bedingungen gelten f\u00fcr alle Lieferungen von Nestaan Nordic A\/S (im Folgenden NN genannt). Kontakt 1. Allgemeines: Diese Verkaufs- und Lieferbedingungen gelten f\u00fcr alle Lieferungen von NN, es [&hellip;]<\/p>\n","protected":false},"author":2,"featured_media":0,"parent":0,"menu_order":0,"comment_status":"closed","ping_status":"closed","template":"","meta":{"footnotes":""},"class_list":["post-3370","page","type-page","status-publish","hentry"],"_links":{"self":[{"href":"https:\/\/nestaan.dk\/de\/wp-json\/wp\/v2\/pages\/3370","targetHints":{"allow":["GET"]}}],"collection":[{"href":"https:\/\/nestaan.dk\/de\/wp-json\/wp\/v2\/pages"}],"about":[{"href":"https:\/\/nestaan.dk\/de\/wp-json\/wp\/v2\/types\/page"}],"author":[{"embeddable":true,"href":"https:\/\/nestaan.dk\/de\/wp-json\/wp\/v2\/users\/2"}],"replies":[{"embeddable":true,"href":"https:\/\/nestaan.dk\/de\/wp-json\/wp\/v2\/comments?post=3370"}],"version-history":[{"count":1,"href":"https:\/\/nestaan.dk\/de\/wp-json\/wp\/v2\/pages\/3370\/revisions"}],"predecessor-version":[{"id":3377,"href":"https:\/\/nestaan.dk\/de\/wp-json\/wp\/v2\/pages\/3370\/revisions\/3377"}],"wp:attachment":[{"href":"https:\/\/nestaan.dk\/de\/wp-json\/wp\/v2\/media?parent=3370"}],"curies":[{"name":"wp","href":"https:\/\/api.w.org\/{rel}","templated":true}]}}